{"id":473,"date":"2025-04-25T10:36:20","date_gmt":"2025-04-25T10:36:20","guid":{"rendered":"https:\/\/b348drs8.myrdbx.io\/?page_id=473"},"modified":"2025-07-18T14:00:06","modified_gmt":"2025-07-18T12:00:06","slug":"disclaimer","status":"publish","type":"page","link":"https:\/\/nxtchapters.com\/en\/disclaimer\/","title":{"rendered":"Disclaimer"},"content":{"rendered":"\n[et_pb_section fb_built=&#8220;1&#8243; _builder_version=&#8220;4.27.4&#8243; _module_preset=&#8220;default&#8220; background_color=&#8220;#fbf5f0&#8243; custom_padding=&#8220;||80px|||&#8220; global_colors_info=&#8220;{}&#8220;][et_pb_row column_structure=&#8220;1_3,2_3&#8243; _builder_version=&#8220;4.27.4&#8243; _module_preset=&#8220;default&#8220; global_colors_info=&#8220;{}&#8220;][et_pb_column type=&#8220;1_3&#8243; _builder_version=&#8220;4.27.4&#8243; _module_preset=&#8220;default&#8220; global_colors_info=&#8220;{}&#8220;][et_pb_text _builder_version=&#8220;4.27.4&#8243; _module_preset=&#8220;default&#8220; header_font=&#8220;||||||||&#8220; width_tablet=&#8220;&#8220; width_phone=&#8220;100%&#8220; width_last_edited=&#8220;on|phone&#8220; hover_enabled=&#8220;0&#8243; text_font_tablet=&#8220;&#8220; text_font_phone=&#8220;&#8220; text_font_last_edited=&#8220;on|desktop&#8220; header_font_tablet=&#8220;||||||||&#8220; header_font_phone=&#8220;||||||||&#8220; header_font_last_edited=&#8220;on|desktop&#8220; global_colors_info=&#8220;{}&#8220; sticky_enabled=&#8220;0&#8243; header_font_size=&#8220;35px&#8220;]<h1>Haftungsausschluss<\/h1>[\/et_pb_text][\/et_pb_column][et_pb_column type=&#8220;2_3&#8243; _builder_version=&#8220;4.27.4&#8243; _module_preset=&#8220;default&#8220; global_colors_info=&#8220;{}&#8220;][et_pb_text _builder_version=&#8220;4.27.4&#8243; _module_preset=&#8220;default&#8220; hover_enabled=&#8220;0&#8243; global_colors_info=&#8220;{}&#8220; text_font_last_edited=&#8220;on|desktop&#8220; sticky_enabled=&#8220;0&#8243;]<p>Alle Inhalte dieser Website wurden mit gr\u00f6\u00dftm\u00f6glicher Sorgfalt erstellt. F\u00fcr die Richtigkeit, Vollst\u00e4ndigkeit und Aktualit\u00e4t der bereitgestellten Informationen wird jedoch keine Gew\u00e4hr \u00fcbernommen. <b>Die Nutzung dieser Website und der angebotenen Coaching-Angebote erfolgt auf eigene Verantwortung.<\/b> Wir \u00fcbernehmen keine Haftung f\u00fcr Konsequenzen oder Entscheidungen, die aufgrund der bereitgestellten Inhalte getroffen werden. Coaching ersetzt keine Psychotherapie oder \u00e4rztliche Behandlung.<\/p>[\/et_pb_text][\/et_pb_column][\/et_pb_row][\/et_pb_section]\n","protected":false},"excerpt":{"rendered":"<p>HaftungsausschlussAlle Inhalte dieser Website wurden mit gr\u00f6\u00dftm\u00f6glicher Sorgfalt erstellt. F\u00fcr die Richtigkeit, Vollst\u00e4ndigkeit und Aktualit\u00e4t der bereitgestellten Informationen wird jedoch keine Gew\u00e4hr \u00fcbernommen. Die Nutzung dieser Website und der angebotenen Coaching-Angebote erfolgt auf eigene Verantwortung. Wir \u00fcbernehmen keine Haftung f\u00fcr Konsequenzen oder Entscheidungen, die aufgrund der bereitgestellten Inhalte getroffen werden. Coaching ersetzt keine Psychotherapie oder [&hellip;]<\/p>\n","protected":false},"author":1,"featured_media":0,"parent":0,"menu_order":90,"comment_status":"closed","ping_status":"closed","template":"","meta":{"_et_pb_use_builder":"on","_et_pb_old_content":"","_et_gb_content_width":"","footnotes":""},"class_list":["post-473","page","type-page","status-publish","hentry"],"_links":{"self":[{"href":"https:\/\/nxtchapters.com\/en\/wp-json\/wp\/v2\/pages\/473","targetHints":{"allow":["GET"]}}],"collection":[{"href":"https:\/\/nxtchapters.com\/en\/wp-json\/wp\/v2\/pages"}],"about":[{"href":"https:\/\/nxtchapters.com\/en\/wp-json\/wp\/v2\/types\/page"}],"author":[{"embeddable":true,"href":"https:\/\/nxtchapters.com\/en\/wp-json\/wp\/v2\/users\/1"}],"replies":[{"embeddable":true,"href":"https:\/\/nxtchapters.com\/en\/wp-json\/wp\/v2\/comments?post=473"}],"version-history":[{"count":16,"href":"https:\/\/nxtchapters.com\/en\/wp-json\/wp\/v2\/pages\/473\/revisions"}],"predecessor-version":[{"id":2283,"href":"https:\/\/nxtchapters.com\/en\/wp-json\/wp\/v2\/pages\/473\/revisions\/2283"}],"wp:attachment":[{"href":"https:\/\/nxtchapters.com\/en\/wp-json\/wp\/v2\/media?parent=473"}],"curies":[{"name":"wp","href":"https:\/\/api.w.org\/{rel}","templated":true}]}}