{"id":434,"date":"2025-04-22T14:54:44","date_gmt":"2025-04-22T14:54:44","guid":{"rendered":"https:\/\/b348drs8.myrdbx.io\/?page_id=434"},"modified":"2026-02-18T02:20:04","modified_gmt":"2026-02-18T01:20:04","slug":"home","status":"publish","type":"page","link":"https:\/\/nxtchapters.com\/en\/","title":{"rendered":"Home"},"content":{"rendered":"<p>[et_pb_section fb_built=&#8220;1&#8243; custom_padding_last_edited=&#8220;on|phone&#8220; admin_label=&#8220;Header&#8220; _builder_version=&#8220;4.27.4&#8243; _module_preset=&#8220;6234cc3d-b6f8-400b-b428-098eb18d4048&#8243; background_color=&#8220;#C3B090&#8243; use_background_color_gradient=&#8220;on&#8220; background_color_gradient_stops=&#8220;rgba(251,245,240,0.36) 0%|rgba(251,245,240,0.22) 100%&#8220; background_color_gradient_overlays_image=&#8220;on&#8220; background_image=&#8220;https:\/\/nxtchapters.com\/wp-content\/uploads\/2025\/06\/header-start-250606-ausschnitt.jpg&#8220; background_size=&#8220;contain&#8220; background_position=&#8220;center_left&#8220; background_horizontal_offset=&#8220;3%&#8220; background_enable_mask_style=&#8220;on&#8220; background_mask_style=&#8220;arch&#8220; background_mask_color=&#8220;rgba(251,245,240,0.51)&#8220; background_mask_transform=&#8220;flip_horizontal&#8220; background_mask_size=&#8220;contain&#8220; background_mask_position=&#8220;center_left&#8220; custom_padding=&#8220;8vw||8vw||true|false&#8220; custom_padding_tablet=&#8220;500px||5vw||false|false&#8220; custom_padding_phone=&#8220;50vh||5vw||false|false&#8220; background_color_tablet=&#8220;#C3B090&#8243; background_last_edited=&#8220;on|phone&#8220; background_enable_color_tablet=&#8220;on&#8220; use_background_color_gradient_tablet=&#8220;on&#8220; use_background_color_gradient_phone=&#8220;on&#8220; background_color_gradient_stops_tablet=&#8220;rgba(251,245,240,0.4) 0%|rgba(251,245,240,0.22) 100%&#8220; background_color_gradient_stops_phone=&#8220;rgba(251,245,240,0.4) 0%|rgba(251,245,240,0.22) 99%&#8220; background_image_tablet=&#8220;https:\/\/nxtchapters.com\/wp-content\/uploads\/2025\/06\/header-start-250606-ausschnitt.jpg&#8220; background_enable_image_tablet=&#8220;on&#8220; background_size_tablet=&#8220;custom&#8220; background_size_phone=&#8220;contain&#8220; background_image_height_tablet=&#8220;500px&#8220; background_position_tablet=&#8220;top_left&#8220; background_position_phone=&#8220;top_center&#8220; background_horizontal_offset_tablet=&#8220;40%&#8220; background_enable_mask_style_tablet=&#8220;off&#8220; background_enable_mask_style_phone=&#8220;off&#8220; da_disable_devices=&#8220;off|off|off&#8220; collapsed=&#8220;off&#8220; global_colors_info=&#8220;{%22gcid-primary-color%22:%91%22quote_text_color%22%93}&#8220; da_is_popup=&#8220;off&#8220; da_exit_intent=&#8220;off&#8220; da_has_close=&#8220;on&#8220; da_alt_close=&#8220;off&#8220; da_dark_close=&#8220;off&#8220; da_not_modal=&#8220;on&#8220; da_is_singular=&#8220;off&#8220; da_with_loader=&#8220;off&#8220; da_has_shadow=&#8220;on&#8220;][et_pb_row column_structure=&#8220;2_5,3_5&#8243; use_custom_gutter=&#8220;on&#8220; gutter_width=&#8220;2&#8243; _builder_version=&#8220;4.27.4&#8243; _module_preset=&#8220;default&#8220; custom_margin=&#8220;||||false|false&#8220; custom_padding=&#8220;||||false|false&#8220; global_colors_info=&#8220;{}&#8220;][et_pb_column type=&#8220;2_5&#8243; disabled_on=&#8220;on|on|off&#8220; _builder_version=&#8220;4.27.4&#8243; _module_preset=&#8220;default&#8220; global_colors_info=&#8220;{}&#8220;][\/et_pb_column][et_pb_column type=&#8220;3_5&#8243; _builder_version=&#8220;4.27.0&#8243; _module_preset=&#8220;default&#8220; global_colors_info=&#8220;{}&#8220;][et_pb_text _builder_version=&#8220;4.27.4&#8243; _module_preset=&#8220;default&#8220; text_font=&#8220;&#8211;et_global_heading_font||||||||&#8220; text_font_size=&#8220;35px&#8220; text_line_height=&#8220;1.2em&#8220; header_font_size=&#8220;45px&#8220; header_line_height=&#8220;1.2em&#8220; custom_margin=&#8220;|-7px||0px||&#8220; custom_padding=&#8220;|0px||||&#8220; header_font_tablet=&#8220;&#8220; header_font_phone=&#8220;&#8220; header_font_last_edited=&#8220;on|phone&#8220; background_layout_tablet=&#8220;light&#8220; background_layout_phone=&#8220;light&#8220; background_layout_last_edited=&#8220;on|tablet&#8220; global_colors_info=&#8220;{}&#8220;]<\/p>\n<h1>Transformation<\/h1>\n<h1>Coaching &amp; Beratung<\/h1>\n<p>SELBSTBESTIMMT \u2013 Fokussiert \u2013 Finanziell stabil<\/p>\n<p>[\/et_pb_text][\/et_pb_column][\/et_pb_row][\/et_pb_section][et_pb_section fb_built=&#8220;1&#8243; _builder_version=&#8220;4.27.4&#8243; _module_preset=&#8220;default&#8220; background_color=&#8220;#AD987C&#8220; da_disable_devices=&#8220;off|off|off&#8220; global_colors_info=&#8220;{}&#8220; da_is_popup=&#8220;off&#8220; da_exit_intent=&#8220;off&#8220; da_has_close=&#8220;on&#8220; da_alt_close=&#8220;off&#8220; da_dark_close=&#8220;off&#8220; da_not_modal=&#8220;on&#8220; da_is_singular=&#8220;off&#8220; da_with_loader=&#8220;off&#8220; da_has_shadow=&#8220;on&#8220;][et_pb_row _builder_version=&#8220;4.27.4&#8243; _module_preset=&#8220;default&#8220; global_colors_info=&#8220;{}&#8220;][et_pb_column type=&#8220;4_4&#8243; _builder_version=&#8220;4.27.4&#8243; _module_preset=&#8220;default&#8220; global_colors_info=&#8220;{}&#8220;][et_pb_text _builder_version=&#8220;4.27.4&#8243; _module_preset=&#8220;default&#8220; text_font_size=&#8220;20px&#8220; text_line_height=&#8220;1.3em&#8220; text_orientation=&#8220;center&#8220; background_layout=&#8220;dark&#8220; max_width=&#8220;760px&#8220; module_alignment=&#8220;center&#8220; custom_padding=&#8220;0px|||||&#8220; global_colors_info=&#8220;{}&#8220;]<\/p>\n<h2>UNSERE Vision<\/h2>\n<p>Wir bei <b>nXtchapters<\/b> glauben an <b>Klarheit, Mut und Eigenverantwortung<\/b> \u2013 an <b>pers\u00f6nliches Wachstum<\/b> ebenso wie an <b>unternehmerische F\u00fchrung.<\/b><\/p>\n<p>Wir unterst\u00fctzen Entscheider, Gr\u00fcnder und F\u00fchrungskr\u00e4fte dabei, ihr n\u00e4chstes Kapitel bewusst zu gestalten \u2013 sei es bei der <b>pers\u00f6nlichen Transformation, der strategischen Neupositionierung oder der nachhaltigen Gesch\u00e4ftsentwicklung.<\/b><\/p>\n<p>Unsere Vision ist eine Welt, in der F\u00fchrung auf \u00dcberzeugung beruht, Strategie echte Wirkung erzielt und Erfahrung zum Hebel f\u00fcr die Zukunft wird.<\/p>\n<p>[\/et_pb_text][et_pb_text _builder_version=&#8220;4.27.4&#8243; _module_preset=&#8220;default&#8220; text_font=&#8220;Great Vibes||||||||&#8220; text_font_size=&#8220;45px&#8220; text_orientation=&#8220;center&#8220; background_layout=&#8220;dark&#8220; custom_margin=&#8220;60px||||false|false&#8220; global_colors_info=&#8220;{}&#8220;]<\/p>\n<p>Elisabeth Henning<\/p>\n<p>[\/et_pb_text][\/et_pb_column][\/et_pb_row][et_pb_row column_structure=&#8220;1_2,1_2&#8243; _builder_version=&#8220;4.27.4&#8243; _module_preset=&#8220;default&#8220; global_colors_info=&#8220;{}&#8220;][et_pb_column type=&#8220;1_2&#8243; _builder_version=&#8220;4.27.4&#8243; _module_preset=&#8220;default&#8220; global_colors_info=&#8220;{}&#8220;][et_pb_button button_url=&#8220;https:\/\/outlook.office.com\/bookwithme\/user\/edcb1c75ab4b442e9d18aea6c2ef13c4@Nxtchapters.onmicrosoft.com\/meetingtype\/q0nnAIFNr0qt8WNPvLke7g2?anonymous&#038;ismsaljsauthenabled&#8220; url_new_window=&#8220;on&#8220; button_text=&#8220;Vereinbaren Sie einen Termin&#8220; button_alignment=&#8220;right&#8220; button_alignment_tablet=&#8220;right&#8220; button_alignment_phone=&#8220;center&#8220; button_alignment_last_edited=&#8220;on|phone&#8220; _builder_version=&#8220;4.27.4&#8243; _module_preset=&#8220;default&#8220;][\/et_pb_button][\/et_pb_column][et_pb_column type=&#8220;1_2&#8243; _builder_version=&#8220;4.27.4&#8243; _module_preset=&#8220;default&#8220; global_colors_info=&#8220;{}&#8220;][et_pb_button button_url=&#8220;https:\/\/nxtchapters.com\/de_de\/hoer-meine-podcasts\/&#8220; url_new_window=&#8220;on&#8220; button_text=&#8220;H\u00f6r meine Podcasts&#8220; button_alignment=&#8220;left&#8220; button_alignment_tablet=&#8220;left&#8220; button_alignment_phone=&#8220;center&#8220; button_alignment_last_edited=&#8220;on|phone&#8220; _builder_version=&#8220;4.27.4&#8243; _module_preset=&#8220;default&#8220; button_text_color=&#8220;#673428&#8243; button_bg_color=&#8220;#FBF5F0&#8243; button_border_width=&#8220;2px&#8220; button_border_color=&#8220;#673428&#8243; custom_padding_tablet=&#8220;&#8220; custom_padding_phone=&#8220;12px|60px|12px|60px|true|false&#8220; custom_padding_last_edited=&#8220;on|phone&#8220;][\/et_pb_button][\/et_pb_column][\/et_pb_row][\/et_pb_section][et_pb_section fb_built=&#8220;1&#8243; _builder_version=&#8220;4.27.4&#8243; _module_preset=&#8220;default&#8220; use_background_color_gradient=&#8220;on&#8220; background_color_gradient_stops=&#8220;rgba(251,245,240,0.82) 0%|rgba(251,245,240,0.82) 100%&#8220; background_color_gradient_overlays_image=&#8220;on&#8220; background_image=&#8220;https:\/\/nxtchapters.com\/wp-content\/uploads\/2025\/06\/butterfly-blurry-2000.jpg&#8220; background_position=&#8220;top_center&#8220; custom_padding=&#8220;8vw||8vw||true|false&#8220; da_disable_devices=&#8220;off|off|off&#8220; global_colors_info=&#8220;{}&#8220; da_is_popup=&#8220;off&#8220; da_exit_intent=&#8220;off&#8220; da_has_close=&#8220;on&#8220; da_alt_close=&#8220;off&#8220; da_dark_close=&#8220;off&#8220; da_not_modal=&#8220;on&#8220; da_is_singular=&#8220;off&#8220; da_with_loader=&#8220;off&#8220; da_has_shadow=&#8220;on&#8220;][et_pb_row column_structure=&#8220;1_2,1_2&#8243; _builder_version=&#8220;4.27.4&#8243; _module_preset=&#8220;default&#8220; background_enable_color=&#8220;off&#8220; global_colors_info=&#8220;{}&#8220;][et_pb_column type=&#8220;1_2&#8243; _builder_version=&#8220;4.27.4&#8243; _module_preset=&#8220;default&#8220; animation_style=&#8220;slide&#8220; animation_direction=&#8220;bottom&#8220; link_option_url=&#8220;https:\/\/nxtchapters.com\/career-transformation-coaching\/&#8220; global_colors_info=&#8220;{}&#8220;][et_pb_text _builder_version=&#8220;4.27.4&#8243; _module_preset=&#8220;default&#8220; header_2_font_size=&#8220;39px&#8220; custom_margin=&#8220;||24px||false|false&#8220; link_option_url=&#8220;https:\/\/nxtchapters.com\/career-transformation-coaching\/&#8220; global_colors_info=&#8220;{}&#8220;]<\/p>\n<h2>Sind Sie eine F\u00fchrungskraft 50+?<\/h2>\n<p>Wenn Sie einen Karrierewechsel planen und \u00fcberlegen, Ihr eigenes Unternehmen aufzubauen, um Ihr Verm\u00e4chtnis zu gestalten, bin ich die strategische Sparring Partnerin, die Sie an Ihrer Seite haben m\u00f6chten \u2013 erfahren, pragmatisch und auf Augenh\u00f6he.<\/p>\n<p>[\/et_pb_text][et_pb_button button_url=&#8220;https:\/\/nxtchapters.com\/career-transformation-coaching\/&#8220; button_text=&#8220;Weitere Infos&#8220; _builder_version=&#8220;4.27.4&#8243; _module_preset=&#8220;60cb8a46-19ed-4573-8808-d407e0bf81d5&#8243; button_text_color=&#8220;#673428&#8243; button_bg_color=&#8220;rgba(255,255,255,0)&#8220; button_border_color=&#8220;#673428&#8243; custom_margin=&#8220;||||false|false&#8220; custom_margin_tablet=&#8220;||24px||false|false&#8220; custom_margin_phone=&#8220;||24px||false|false&#8220; custom_margin_last_edited=&#8220;on|desktop&#8220; global_colors_info=&#8220;{}&#8220; button_bg_color__hover_enabled=&#8220;on|hover&#8220; button_bg_color__hover=&#8220;rgba(103,52,40,0.27)&#8220;][\/et_pb_button][\/et_pb_column][et_pb_column type=&#8220;1_2&#8243; _builder_version=&#8220;4.27.4&#8243; _module_preset=&#8220;default&#8220; animation_style=&#8220;slide&#8220; animation_direction=&#8220;bottom&#8220; link_option_url=&#8220;https:\/\/nxtchapters.com\/advisor-board-member\/&#8220; global_colors_info=&#8220;{}&#8220;][et_pb_text _builder_version=&#8220;4.27.4&#8243; _module_preset=&#8220;default&#8220; header_2_font_size=&#8220;39px&#8220; custom_margin=&#8220;||24px||false|false&#8220; link_option_url=&#8220;https:\/\/nxtchapters.com\/advisor-board-member\/&#8220; global_colors_info=&#8220;{}&#8220;]<\/p>\n<h2>Sind Sie ein Start-up, Scale-up oder KMU?<\/h2>\n<p>Befindet sich Ihr Unternehmen an einem kritischen Punkt Ihrer Wachstums- und Expansionsstrategie? Ben\u00f6tigen Sie ein Vorstands\/ Verwaltungsrat Mitglied oder eine strategische Beraterin, die Ihnen hilft, die Vertriebsleistung zu steigern und Ihre Skalierung klar und wirkungsvoll voranzutreiben?<\/p>\n<p>[\/et_pb_text][et_pb_button button_url=&#8220;https:\/\/nxtchapters.com\/advisor-board-member\/&#8220; button_text=&#8220;Weitere Infos&#8220; _builder_version=&#8220;4.27.4&#8243; _module_preset=&#8220;60cb8a46-19ed-4573-8808-d407e0bf81d5&#8243; button_text_color=&#8220;#673428&#8243; button_bg_color=&#8220;rgba(255,255,255,0)&#8220; button_border_color=&#8220;#673428&#8243; custom_margin=&#8220;||||false|false&#8220; custom_margin_tablet=&#8220;||24px||false|false&#8220; custom_margin_phone=&#8220;||24px||false|false&#8220; custom_margin_last_edited=&#8220;off|desktop&#8220; global_colors_info=&#8220;{}&#8220; button_bg_color__hover=&#8220;rgba(103,52,40,0.27)&#8220; button_bg_color__hover_enabled=&#8220;on|hover&#8220;][\/et_pb_button][\/et_pb_column][\/et_pb_row][\/et_pb_section][et_pb_section fb_built=&#8220;1&#8243; _builder_version=&#8220;4.27.4&#8243; _module_preset=&#8220;default&#8220; background_color=&#8220;#AD987C&#8220; custom_padding=&#8220;35px||70px||false|false&#8220; da_disable_devices=&#8220;off|off|off&#8220; locked=&#8220;off&#8220; global_colors_info=&#8220;{}&#8220; da_is_popup=&#8220;off&#8220; da_exit_intent=&#8220;off&#8220; da_has_close=&#8220;on&#8220; da_alt_close=&#8220;off&#8220; da_dark_close=&#8220;off&#8220; da_not_modal=&#8220;on&#8220; da_is_singular=&#8220;off&#8220; da_with_loader=&#8220;off&#8220; da_has_shadow=&#8220;on&#8220;][et_pb_row _builder_version=&#8220;4.27.4&#8243; _module_preset=&#8220;default&#8220; global_colors_info=&#8220;{}&#8220;][et_pb_column type=&#8220;4_4&#8243; _builder_version=&#8220;4.27.4&#8243; _module_preset=&#8220;default&#8220; global_colors_info=&#8220;{}&#8220;][et_pb_text _builder_version=&#8220;4.27.4&#8243; _module_preset=&#8220;default&#8220; text_font=&#8220;|800|||||||&#8220; text_text_color=&#8220;#FBF5F0&#8243; text_font_size=&#8220;35px&#8220; header_2_text_color=&#8220;#FBF5F0&#8243; text_orientation=&#8220;center&#8220; global_colors_info=&#8220;{}&#8220;]<\/p>\n<h2><span data-teams=\"true\">Kundenstimmen \/ Referenzen<\/span><\/h2>\n<p>[\/et_pb_text][\/et_pb_column][\/et_pb_row][et_pb_row use_custom_gutter=&#8220;on&#8220; gutter_width=&#8220;2&#8243; _builder_version=&#8220;4.27.4&#8243; _module_preset=&#8220;default&#8220; max_width=&#8220;80%&#8220; custom_margin=&#8220;0px||0px||false|false&#8220; custom_padding=&#8220;0px||0px||false|false&#8220; global_colors_info=&#8220;{}&#8220;][et_pb_column type=&#8220;4_4&#8243; _builder_version=&#8220;4.27.4&#8243; _module_preset=&#8220;default&#8220; global_colors_info=&#8220;{}&#8220;][ba_image_carousel content_alignment=&#8220;center&#8220; autoplay_speed=&#8220;3000ms&#8220; use_nav=&#8220;off&#8220; use_pagi=&#8220;on&#8220; slide_spacing=&#8220;0px&#8220; use_both_side_spacing=&#8220;off&#8220; css_transition=&#8220;linear&#8220; slide_to_scroll=&#8220;3&#8243; is_center=&#8220;on&#8220; center_mode_type=&#8220;highlighted&#8220; carousel_spacing_top=&#8220;20px&#8220; carousel_spacing_bottom=&#8220;20px&#8220; nav_height=&#8220;48px&#8220; nav_width=&#8220;48px&#8220; nav_color=&#8220;#ffffff&#8220; nav_bg=&#8220;#3979ff&#8220; icon_left=&#8220;&#xf104;||fa||900&#8243; icon_right=&#8220;&#xf105;||fa||900&#8243; use_lightbox=&#8220;on&#8220; is_equal_height=&#8220;off&#8220; slide_count_tablet=&#8220;&#8220; slide_count_phone=&#8220;1&#8243; slide_count_last_edited=&#8220;on|phone&#8220; _builder_version=&#8220;4.27.5&#8243; _module_preset=&#8220;default&#8220; hover_enabled=&#8220;0&#8243; locked=&#8220;off&#8220; global_colors_info=&#8220;{}&#8220; sticky_enabled=&#8220;0&#8243;][ba_image_carousel_child photo=&#8220;https:\/\/nxtchapters.coaching-page.de\/wp-content\/uploads\/2026\/01\/1.png&#8220; _builder_version=&#8220;4.27.4&#8243; _module_preset=&#8220;default&#8220; border_radii_item=&#8220;on|10px|10px|10px|10px&#8220; box_shadow_style_content=&#8220;preset2&#8243; global_colors_info=&#8220;{}&#8220; theme_builder_area=&#8220;post_content&#8220;][\/ba_image_carousel_child][ba_image_carousel_child photo=&#8220;https:\/\/nxtchapters.coaching-page.de\/wp-content\/uploads\/2026\/01\/2.png&#8220; _builder_version=&#8220;4.27.4&#8243; _module_preset=&#8220;default&#8220; border_radii_item=&#8220;on|10px|10px|10px|10px&#8220; box_shadow_style_content=&#8220;preset2&#8243; global_colors_info=&#8220;{}&#8220; theme_builder_area=&#8220;post_content&#8220;][\/ba_image_carousel_child][ba_image_carousel_child photo=&#8220;https:\/\/nxtchapters.coaching-page.de\/wp-content\/uploads\/2026\/01\/3.png&#8220; _builder_version=&#8220;4.27.4&#8243; _module_preset=&#8220;default&#8220; border_radii_item=&#8220;on|10px|10px|10px|10px&#8220; box_shadow_style_content=&#8220;preset2&#8243; global_colors_info=&#8220;{}&#8220; theme_builder_area=&#8220;post_content&#8220;][\/ba_image_carousel_child][ba_image_carousel_child photo=&#8220;https:\/\/nxtchapters.coaching-page.de\/wp-content\/uploads\/2026\/01\/4.png&#8220; _builder_version=&#8220;4.27.4&#8243; _module_preset=&#8220;default&#8220; border_radii_item=&#8220;on|10px|10px|10px|10px&#8220; box_shadow_style_content=&#8220;preset2&#8243; global_colors_info=&#8220;{}&#8220; theme_builder_area=&#8220;post_content&#8220;][\/ba_image_carousel_child][ba_image_carousel_child photo=&#8220;https:\/\/nxtchapters.coaching-page.de\/wp-content\/uploads\/2026\/01\/5.png&#8220; _builder_version=&#8220;4.27.4&#8243; _module_preset=&#8220;default&#8220; border_radii_item=&#8220;on|10px|10px|10px|10px&#8220; box_shadow_style_content=&#8220;preset2&#8243; global_colors_info=&#8220;{}&#8220; theme_builder_area=&#8220;post_content&#8220;][\/ba_image_carousel_child][ba_image_carousel_child photo=&#8220;https:\/\/nxtchapters.coaching-page.de\/wp-content\/uploads\/2026\/01\/6.png&#8220; _builder_version=&#8220;4.27.4&#8243; _module_preset=&#8220;default&#8220; border_radii_item=&#8220;on|10px|10px|10px|10px&#8220; box_shadow_style_content=&#8220;preset2&#8243; global_colors_info=&#8220;{}&#8220; theme_builder_area=&#8220;post_content&#8220;][\/ba_image_carousel_child][ba_image_carousel_child photo=&#8220;https:\/\/nxtchapters.coaching-page.de\/wp-content\/uploads\/2026\/01\/7.png&#8220; _builder_version=&#8220;4.27.4&#8243; _module_preset=&#8220;default&#8220; border_radii_item=&#8220;on|10px|10px|10px|10px&#8220; box_shadow_style_content=&#8220;preset2&#8243; global_colors_info=&#8220;{}&#8220; theme_builder_area=&#8220;post_content&#8220;][\/ba_image_carousel_child][ba_image_carousel_child photo=&#8220;https:\/\/nxtchapters.coaching-page.de\/wp-content\/uploads\/2026\/01\/8.png&#8220; _builder_version=&#8220;4.27.4&#8243; _module_preset=&#8220;default&#8220; border_radii_item=&#8220;on|10px|10px|10px|10px&#8220; box_shadow_style_content=&#8220;preset2&#8243; global_colors_info=&#8220;{}&#8220; theme_builder_area=&#8220;post_content&#8220;][\/ba_image_carousel_child][ba_image_carousel_child photo=&#8220;https:\/\/nxtchapters.com\/wp-content\/uploads\/2026\/02\/Thank-you-so-much-You-did-an-incredible-job-that-went-above-and-beyond-all-my-expectations-Im-really-glad-I-put-my-trust-in-you-I-look-forward-to-working-with-you-again-in-the-future-1.png&#8220; _builder_version=&#8220;4.27.5&#8243; _module_preset=&#8220;default&#8220; hover_enabled=&#8220;0&#8243; border_radii_item=&#8220;on|10px|10px|10px|10px&#8220; box_shadow_style_content=&#8220;preset2&#8243; global_colors_info=&#8220;{}&#8220; theme_builder_area=&#8220;post_content&#8220; title_text=&#8220;Thank you so much! You did an incredible job that went above and beyond all my expectations! I&#8217;m really glad I put my trust in you! I look forward to working with you again in the future! (1)&#8220; sticky_enabled=&#8220;0&#8243;][\/ba_image_carousel_child][\/ba_image_carousel][\/et_pb_column][\/et_pb_row][\/et_pb_section]<\/p>\n","protected":false},"excerpt":{"rendered":"<p>Transformation Coaching &amp; Beratung SELBSTBESTIMMT \u2013 Fokussiert \u2013 Finanziell stabilUNSERE Vision Wir bei nXtchapters glauben an Klarheit, Mut und Eigenverantwortung \u2013 an pers\u00f6nliches Wachstum ebenso wie an unternehmerische F\u00fchrung. Wir unterst\u00fctzen Entscheider, Gr\u00fcnder und F\u00fchrungskr\u00e4fte dabei, ihr n\u00e4chstes Kapitel bewusst zu gestalten \u2013 sei es bei der pers\u00f6nlichen Transformation, der strategischen Neupositionierung oder der nachhaltigen [&hellip;]<\/p>\n","protected":false},"author":1,"featured_media":0,"parent":0,"menu_order":0,"comment_status":"closed","ping_status":"closed","template":"","meta":{"_et_pb_use_builder":"on","_et_pb_old_content":"<!-- wp:divi\/placeholder \/-->","_et_gb_content_width":"","footnotes":""},"class_list":["post-434","page","type-page","status-publish","hentry"],"_links":{"self":[{"href":"https:\/\/nxtchapters.com\/en\/wp-json\/wp\/v2\/pages\/434","targetHints":{"allow":["GET"]}}],"collection":[{"href":"https:\/\/nxtchapters.com\/en\/wp-json\/wp\/v2\/pages"}],"about":[{"href":"https:\/\/nxtchapters.com\/en\/wp-json\/wp\/v2\/types\/page"}],"author":[{"embeddable":true,"href":"https:\/\/nxtchapters.com\/en\/wp-json\/wp\/v2\/users\/1"}],"replies":[{"embeddable":true,"href":"https:\/\/nxtchapters.com\/en\/wp-json\/wp\/v2\/comments?post=434"}],"version-history":[{"count":45,"href":"https:\/\/nxtchapters.com\/en\/wp-json\/wp\/v2\/pages\/434\/revisions"}],"predecessor-version":[{"id":2712,"href":"https:\/\/nxtchapters.com\/en\/wp-json\/wp\/v2\/pages\/434\/revisions\/2712"}],"wp:attachment":[{"href":"https:\/\/nxtchapters.com\/en\/wp-json\/wp\/v2\/media?parent=434"}],"curies":[{"name":"wp","href":"https:\/\/api.w.org\/{rel}","templated":true}]}}