{"id":721,"date":"2025-05-13T12:41:27","date_gmt":"2025-05-13T12:41:27","guid":{"rendered":"https:\/\/b348drs8.myrdbx.io\/?page_id=721"},"modified":"2025-08-11T10:42:34","modified_gmt":"2025-08-11T08:42:34","slug":"faq","status":"publish","type":"page","link":"https:\/\/nxtchapters.com\/de_de\/career-transformation-coaching\/faq\/","title":{"rendered":"FAQ"},"content":{"rendered":"<p>[et_pb_section fb_built=&#8220;1&#8243; _builder_version=&#8220;4.27.4&#8243; _module_preset=&#8220;default&#8220; background_color=&#8220;#FBF5F0&#8243; global_colors_info=&#8220;{}&#8220;][et_pb_row _builder_version=&#8220;4.27.4&#8243; _module_preset=&#8220;default&#8220; custom_padding=&#8220;0px||0px||true|false&#8220; global_colors_info=&#8220;{}&#8220;][et_pb_column type=&#8220;4_4&#8243; _builder_version=&#8220;4.27.4&#8243; _module_preset=&#8220;default&#8220; global_colors_info=&#8220;{}&#8220;][et_pb_text _builder_version=&#8220;4.27.4&#8243; _module_preset=&#8220;default&#8220; global_colors_info=&#8220;{}&#8220;]<\/p>\n<h1>H\u00e4ufig gestellte Fragen:<\/h1>\n<p>[\/et_pb_text][\/et_pb_column][\/et_pb_row][et_pb_row column_structure=&#8220;2_3,1_3&#8243; _builder_version=&#8220;4.27.4&#8243; _module_preset=&#8220;default&#8220; global_colors_info=&#8220;{}&#8220;][et_pb_column type=&#8220;2_3&#8243; _builder_version=&#8220;4.27.4&#8243; _module_preset=&#8220;default&#8220; global_colors_info=&#8220;{}&#8220;][et_pb_accordion _builder_version=&#8220;4.27.4&#8243; _module_preset=&#8220;91593a7d-2b84-4db2-8718-1bb961ab04d9&#8243; global_colors_info=&#8220;{}&#8220;][et_pb_accordion_item _builder_version=&#8220;4.27.4&#8243; _module_preset=&#8220;default&#8220; custom_css_free_form=&#8220;selector {||  display: none;||}&#8220; global_colors_info=&#8220;{}&#8220; open=&#8220;off&#8220;][\/et_pb_accordion_item][et_pb_accordion_item title=&#8220;Ist dieses Coaching wirklich etwas f\u00fcr mich?&#8220; _builder_version=&#8220;4.27.4&#8243; _module_preset=&#8220;default&#8220; global_colors_info=&#8220;{}&#8220; open=&#8220;off&#8220;]<\/p>\n<p><b>Ja, das ist f\u00fcr Sie.<\/b><br \/>Wenn Sie in einer Neuorientierung stecken und sich monatelang beworben haben \u2013 und immer noch nicht die richtige Stelle gefunden haben.<\/p>\n<p>Wenn Sie sich seit Monaten unruhig, frustriert, demotiviert und emotional ersch\u00f6pft f\u00fchlen. Nichts begeistert Sie mehr.<\/p>\n<p>Wenn Sie sich nicht unter Wert verkaufen wollen.<\/p>\n<p><b>Sie wollen mehr. \u2013 Sie k\u00f6nnen mehr.<\/b><br \/>Es ist Zeit, nicht l\u00e4nger zu warten \u2013 und anzufangen, das zu schaffen, was wirklich Ihnen geh\u00f6rt.<\/p>\n<p>[\/et_pb_accordion_item][et_pb_accordion_item title=&#8220;Was ist dieses Coaching Nicht?&#8220; _builder_version=&#8220;4.27.4&#8243; _module_preset=&#8220;default&#8220; global_colors_info=&#8220;{}&#8220; open=&#8220;off&#8220;]<\/p>\n<p><b>Dies ist keine Personalberatung \u2013<\/b><\/p>\n<p>bei der sich Personalvermittler nur melden, wenn eine Stelle zuf\u00e4llig zu Ihrem Profil passt, und sich zur\u00fcckhalten, wenn nicht.<br \/>Hier geht es darum, dass Sie Ihr Leben selbst in die Hand nehmen.<\/p>\n<p><b>Dies ist kein standardisiertes Outplacement.<\/b><br \/>Es geht nicht darum, Ihren Lebenslauf aufzupolieren und woanders den gleichen Job zu suchen.<br \/>Es geht darum, Erfolg neu zu definieren \u2013 und etwas aufzubauen, das wirklich zu Ihnen passt.<\/p>\n<p><b>Dies ist kein Start-up-F\u00f6rderprogramm,<\/b> das erst zum Einsatz kommt, wenn Ihr Businessplan steht.\u00a0<br \/>Es ist ein ma\u00dfgeschneiderter Ansatz, der Ihr Gesch\u00e4ftskonzept von Grund auf aufbaut \u2013 basierend auf Ihren Werten, Ihrer Expertise und Ihrem pers\u00f6nlichen Alleinstellungsmerkmal (USP). Das Ziel? Ein Unternehmen, das Sie erfolgreich, selbstbestimmt und finanziell unabh\u00e4ngig macht.<\/p>\n<p class=\"p2\">\n<p>[\/et_pb_accordion_item][et_pb_accordion_item title=&#8220;WANN ist dieses Coaching nichts f\u00fcr Sie?&#8220; open=&#8220;off&#8220; _builder_version=&#8220;4.27.4&#8243; _module_preset=&#8220;default&#8220; global_colors_info=&#8220;{}&#8220;]<\/p>\n<p><b>Dieses Coaching ist nicht f\u00fcr Menschen gedacht, die nicht bereit sind, ihr Leben selbst in die Hand zu nehmen, oder die nicht ernsthaft erw\u00e4gen, ein Unternehmen<\/b> auf der Grundlage ihrer Erfahrung und Expertise <strong>aufzubauen<\/strong>.<\/p>\n<p>Es richtet sich an alle, die Energie, Ehrgeiz und den Wunsch nach mehr haben \u2013 und bereit sind, sich voll und ganz zu engagieren.<\/p>\n<p>[\/et_pb_accordion_item][et_pb_accordion_item title=&#8220;Ich habe bereits Coaching gemacht, was ist anders?&#8220; _builder_version=&#8220;4.27.4&#8243; _module_preset=&#8220;default&#8220; global_colors_info=&#8220;{}&#8220; open=&#8220;off&#8220;]<\/p>\n<p><b>Dieses Coaching wird von einer Sparringspartnerin begleitet, die diesen Weg selbst gegangen ist \u2013<\/b>nicht nur theoretisch, sondern durch gelebte Erfahrung.<\/p>\n<p>Ich habe \u00fcber 25 Jahre damit verbracht, eine \u00e4u\u00dferst erfolgreiche Karriere in gro\u00dfen globalen Unternehmen aufzubauen. Dann kam der Moment, den ich nicht ignorieren konnte \u2013 der Ruf, etwas Eigenes zu schaffen.<\/p>\n<p>Ich folgte meinem Herzen, fand meinen Mut und baute ein Unternehmen auf, das auf meinem Fachwissen, meinen Werten und meinem Netzwerk basiert.<\/p>\n<p>Heute bin ich genau dort, wo ich sein will \u2013 und ich zeige Ihnen, wie Sie auch dorthin gelangen: mit Selbstvertrauen, Klarheit und finanzieller Stabilit\u00e4t.<\/p>\n<p>[\/et_pb_accordion_item][et_pb_accordion_item title=&#8220;Ist dies ein Ort, an dem ich wirklich ich selbst sein kann?&#8220; _builder_version=&#8220;4.27.4&#8243; _module_preset=&#8220;default&#8220; global_colors_info=&#8220;{}&#8220; open=&#8220;off&#8220;]<b>Ja, dies ist ein gesch\u00fctzter Raum \u2013 aufgebaut auf Vertrauen und gegenseitigem Respekt.<\/b><\/p>\n<p>Wir denken gemeinsam mutig, testen Ideen, lassen los, was Ihnen nicht weiterhilft, und gestalten, was Ihnen weiterhilft.<\/p>\n<p>Ich fordere Sie dort heraus, wo es darauf ankommt, und bin sofort zur Stelle, um Sie zu motivieren, wenn Sie anfangen, an Ihrer Vision zu zweifeln.<\/p>\n<p>Sie m\u00fcssen nicht alles alleine herausfinden \u2013 aber Sie m\u00fcssen bereit sein, alles zu geben.[\/et_pb_accordion_item][et_pb_accordion_item title=&#8220;Wie ist das Coaching aufgebaut?&#8220; _builder_version=&#8220;4.27.4&#8243; _module_preset=&#8220;default&#8220; global_colors_info=&#8220;{}&#8220; open=&#8220;on&#8220;]<\/p>\n<p>Wir arbeiten online in Einzelsitzungen zusammen und konzentrieren uns dabei direkt auf Ihre Themen und Ziele.<\/p>\n<p>Vor und nach jeder Sitzung erhalten Sie ma\u00dfgeschneiderte Aufgaben zur Reflexion und Bearbeitung \u2013 so bringen wir Sie Schritt f\u00fcr Schritt voran.<\/p>\n<p>Dieses Coaching erfordert ein pers\u00f6nliches Engagement von mehreren Stunden pro Woche.<\/p>\n<p>Denn wenn Sie ernsthaft einen soliden und erfolgreichen Weg in die Selbstst\u00e4ndigkeit beschreiten m\u00f6chten, verdient dieser Ihre volle Aufmerksamkeit.<\/p>\n<p>[\/et_pb_accordion_item][et_pb_accordion_item title=&#8220;Welche Art von Unterst\u00fctzung erhalten Sie w\u00e4hrend und nach den Sitzungen?&#8220; _builder_version=&#8220;4.27.4&#8243; _module_preset=&#8220;default&#8220; global_colors_info=&#8220;{}&#8220; open=&#8220;off&#8220;]<\/p>\n<p>Ich stelle Ihnen bew\u00e4hrte Tools und Methoden zur Verf\u00fcgung, damit Sie Klarheit dar\u00fcber gewinnen, ob die Selbstst\u00e4ndigkeit der richtige Weg f\u00fcr Sie ist.<\/p>\n<p>Gemeinsam entwickeln wir Ihre Strategie, definieren Ihre ideale Zielgruppe und entwickeln ein \u00fcberzeugendes Leistungsportfolio, das auf Ihre Bed\u00fcrfnisse und Ziele abgestimmt ist.<\/p>\n<p>Sollten Sie w\u00e4hrend des Prozesses einmal nicht weiterkommen, k\u00f6nnen Sie mich jederzeit \u00fcber WhatsApp kontaktieren. Ich helfe Ihnen, Ihre Hindernisse schnell zu identifizieren und zu l\u00f6sen, damit Sie fokussiert bleiben und selbstbewusst vorankommen.<\/p>\n<p>[\/et_pb_accordion_item][et_pb_accordion_item title=&#8220;Welche Sprachen sprechen Sie?&#8220; _builder_version=&#8220;4.27.4&#8243; _module_preset=&#8220;default&#8220; global_colors_info=&#8220;{}&#8220; open=&#8220;off&#8220;]<\/p>\n<p>Ich habe in vielen L\u00e4ndern gelebt, studiert und gearbeitet. Diese internationale Vergangenheit hat meine F\u00e4higkeit gepr\u00e4gt, in unterschiedlichen kulturellen Umgebungen erfolgreich zu sein.<\/p>\n<p>Das Coaching kann auf Deutsch oder Englisch stattfinden.<\/p>\n<p>[\/et_pb_accordion_item][\/et_pb_accordion][et_pb_button button_url=&#8220;https:\/\/nxtchapters.com\/contact\/&#8220; button_text=&#8220;Noch Fragen offen? Kontaktieren Sie mich!&#8220; _builder_version=&#8220;4.27.4&#8243; _module_preset=&#8220;a1511fd9-ee44-4f36-8bfd-d588b9efba01&#8243; button_text_size=&#8220;17px&#8220; global_colors_info=&#8220;{}&#8220;][\/et_pb_button][\/et_pb_column][et_pb_column type=&#8220;1_3&#8243; _builder_version=&#8220;4.27.4&#8243; _module_preset=&#8220;default&#8220; global_colors_info=&#8220;{}&#8220;][et_pb_image src=&#8220;https:\/\/nxtchapters.com\/wp-content\/uploads\/2025\/06\/elisabeth-henning-06.jpg&#8220; alt=&#8220;Elisabeth Henning &#8211; Career &#038; Transformation Coach&#8220; title_text=&#8220;Elisabeth Henning &#8211; Career &#038; Transformation Coach&#8220; _builder_version=&#8220;4.27.4&#8243; _module_preset=&#8220;default&#8220; global_colors_info=&#8220;{}&#8220;][\/et_pb_image][\/et_pb_column][\/et_pb_row][\/et_pb_section][et_pb_section fb_built=&#8220;1&#8243; _builder_version=&#8220;4.27.4&#8243; _module_preset=&#8220;default&#8220; background_color=&#8220;#AD987C&#8220; global_colors_info=&#8220;{}&#8220;][et_pb_row column_structure=&#8220;1_2,1_2&#8243; _builder_version=&#8220;4.27.4&#8243; _module_preset=&#8220;default&#8220; custom_padding=&#8220;0px||0px||true|false&#8220; global_colors_info=&#8220;{}&#8220;][et_pb_column type=&#8220;1_2&#8243; _builder_version=&#8220;4.27.4&#8243; _module_preset=&#8220;default&#8220; global_colors_info=&#8220;{}&#8220;][et_pb_blurb title=&#8220;12-w\u00f6chiges Online-Programm&#8220; image=&#8220;https:\/\/nxtchapters.com\/wp-content\/uploads\/2025\/05\/beyourownboss-Depositphotos_84025570_600.jpg&#8220; alt=&#8220;BE YOUR OWN BOSS&#8220; image_icon_width=&#8220;120px&#8220; icon_alignment_tablet=&#8220;left&#8220; icon_alignment_last_edited=&#8220;off|desktop&#8220; _builder_version=&#8220;4.27.4&#8243; _module_preset=&#8220;default&#8220; header_text_align=&#8220;center&#8220; text_orientation=&#8220;center&#8220; background_layout=&#8220;dark&#8220; custom_margin=&#8220;||3px||false|false&#8220; custom_padding=&#8220;||||false|false&#8220; link_option_url=&#8220;https:\/\/nxtchapters.com\/career-transformation-coaching\/#12weeks&#8220; text_orientation_tablet=&#8220;left&#8220; text_orientation_last_edited=&#8220;off|desktop&#8220; border_radii_image=&#8220;on|8px|8px|8px|8px&#8220; global_colors_info=&#8220;{%22gcid-primary-color%22:%91%22background_color__hover%22%93}&#8220;][\/et_pb_blurb][et_pb_button button_url=&#8220;https:\/\/nxtchapters.com\/career-transformation-coaching\/#12weeks&#8220; button_text=&#8220;Mehr Infos&#8220; button_alignment=&#8220;center&#8220; button_alignment_tablet=&#8220;left&#8220; button_alignment_last_edited=&#8220;off|desktop&#8220; _builder_version=&#8220;4.27.4&#8243; _module_preset=&#8220;d1064e70-9068-4ac7-8688-7da6fcb826d2&#8243; global_colors_info=&#8220;{}&#8220;][\/et_pb_button][\/et_pb_column][et_pb_column type=&#8220;1_2&#8243; _builder_version=&#8220;4.27.4&#8243; _module_preset=&#8220;default&#8220; global_colors_info=&#8220;{}&#8220;][et_pb_blurb title=&#8220;Warum bin ich die richtige Sparringpartnerin?&#8220; image=&#8220;https:\/\/nxtchapters.com\/wp-content\/uploads\/2025\/05\/Header-about-01.jpg&#8220; alt=&#8220;Elisabeth Henning &#8211; Career &#038; Transformation Coach&#8220; image_icon_width=&#8220;120px&#8220; _builder_version=&#8220;4.27.4&#8243; _module_preset=&#8220;default&#8220; header_text_align=&#8220;center&#8220; text_orientation=&#8220;center&#8220; background_layout=&#8220;dark&#8220; custom_margin=&#8220;||3px||false|false&#8220; custom_padding=&#8220;||||false|false&#8220; filter_sepia=&#8220;29%&#8220; link_option_url=&#8220;https:\/\/nxtchapters.com\/career-transformation-coaching\/why-me\/&#8220; border_radii_image=&#8220;on|8px|8px|8px|8px&#8220; global_colors_info=&#8220;{%22gcid-primary-color%22:%91%22background_color__hover%22,%22body_quote_text_color%22,%22background_color__hover%22,%22background_color__hover%22%93}&#8220;][\/et_pb_blurb][et_pb_button button_url=&#8220;https:\/\/nxtchapters.com\/career-transformation-coaching\/why-me\/&#8220; button_text=&#8220;Mehr Infos&#8220; button_alignment=&#8220;center&#8220; button_alignment_tablet=&#8220;left&#8220; button_alignment_last_edited=&#8220;off|desktop&#8220; _builder_version=&#8220;4.27.4&#8243; _module_preset=&#8220;d1064e70-9068-4ac7-8688-7da6fcb826d2&#8243; global_colors_info=&#8220;{}&#8220;][\/et_pb_button][\/et_pb_column][\/et_pb_row][\/et_pb_section]<\/p>\n","protected":false},"excerpt":{"rendered":"<p>H\u00e4ufig gestellte Fragen:Ja, das ist f\u00fcr Sie.Wenn Sie in einer Neuorientierung stecken und sich monatelang beworben haben \u2013 und immer noch nicht die richtige Stelle gefunden haben. Wenn Sie sich seit Monaten unruhig, frustriert, demotiviert und emotional ersch\u00f6pft f\u00fchlen. Nichts begeistert Sie mehr. Wenn Sie sich nicht unter Wert verkaufen wollen. Sie wollen mehr. \u2013 [&hellip;]<\/p>\n","protected":false},"author":1,"featured_media":0,"parent":436,"menu_order":2,"comment_status":"closed","ping_status":"closed","template":"","meta":{"_et_pb_use_builder":"on","_et_pb_old_content":"<!-- wp:divi\/placeholder \/-->","_et_gb_content_width":"","footnotes":""},"class_list":["post-721","page","type-page","status-publish","hentry"],"_links":{"self":[{"href":"https:\/\/nxtchapters.com\/de_de\/wp-json\/wp\/v2\/pages\/721","targetHints":{"allow":["GET"]}}],"collection":[{"href":"https:\/\/nxtchapters.com\/de_de\/wp-json\/wp\/v2\/pages"}],"about":[{"href":"https:\/\/nxtchapters.com\/de_de\/wp-json\/wp\/v2\/types\/page"}],"author":[{"embeddable":true,"href":"https:\/\/nxtchapters.com\/de_de\/wp-json\/wp\/v2\/users\/1"}],"replies":[{"embeddable":true,"href":"https:\/\/nxtchapters.com\/de_de\/wp-json\/wp\/v2\/comments?post=721"}],"version-history":[{"count":12,"href":"https:\/\/nxtchapters.com\/de_de\/wp-json\/wp\/v2\/pages\/721\/revisions"}],"predecessor-version":[{"id":2297,"href":"https:\/\/nxtchapters.com\/de_de\/wp-json\/wp\/v2\/pages\/721\/revisions\/2297"}],"up":[{"embeddable":true,"href":"https:\/\/nxtchapters.com\/de_de\/wp-json\/wp\/v2\/pages\/436"}],"wp:attachment":[{"href":"https:\/\/nxtchapters.com\/de_de\/wp-json\/wp\/v2\/media?parent=721"}],"curies":[{"name":"wp","href":"https:\/\/api.w.org\/{rel}","templated":true}]}}